{"id":30,"date":"2024-05-26T09:50:23","date_gmt":"2024-05-26T09:50:23","guid":{"rendered":"https:\/\/focused-sinoussi.85-215-70-218.plesk.page\/?page_id=30"},"modified":"2024-06-05T10:26:18","modified_gmt":"2024-06-05T10:26:18","slug":"ueber-uns","status":"publish","type":"page","link":"https:\/\/reinwerk-karlsruhe.de\/index.php\/ueber-uns\/","title":{"rendered":"\u00dcber Uns"},"content":{"rendered":"\t\t<div data-elementor-type=\"wp-page\" data-elementor-id=\"30\" class=\"elementor elementor-30\" data-elementor-post-type=\"page\">\n\t\t\t\t<div class=\"elementor-element elementor-element-22d8264 e-flex e-con-boxed e-con e-parent\" data-id=\"22d8264\" data-element_type=\"container\">\n\t\t\t\t\t<div class=\"e-con-inner\">\n\t\t<div class=\"elementor-element elementor-element-27ceb15 max-width e-flex e-con-boxed e-con e-child\" data-id=\"27ceb15\" data-element_type=\"container\">\n\t\t\t\t\t<div class=\"e-con-inner\">\n\t\t<div class=\"elementor-element elementor-element-1306677 e-con-full tag e-flex e-con e-child\" data-id=\"1306677\" data-element_type=\"container\" data-settings=\"{&quot;background_background&quot;:&quot;classic&quot;}\">\n\t\t\t\t<div class=\"elementor-element elementor-element-6e996b2 elementor-widget elementor-widget-heading\" data-id=\"6e996b2\" data-element_type=\"widget\" data-widget_type=\"heading.default\">\n\t\t\t\t<div class=\"elementor-widget-container\">\n\t\t\t<style>\/*! elementor - v3.21.0 - 22-05-2024 *\/\n.elementor-heading-title{padding:0;margin:0;line-height:1}.elementor-widget-heading .elementor-heading-title[class*=elementor-size-]>a{color:inherit;font-size:inherit;line-height:inherit}.elementor-widget-heading .elementor-heading-title.elementor-size-small{font-size:15px}.elementor-widget-heading .elementor-heading-title.elementor-size-medium{font-size:19px}.elementor-widget-heading .elementor-heading-title.elementor-size-large{font-size:29px}.elementor-widget-heading .elementor-heading-title.elementor-size-xl{font-size:39px}.elementor-widget-heading .elementor-heading-title.elementor-size-xxl{font-size:59px}<\/style><h6 class=\"elementor-heading-title elementor-size-default\">\u00dcber Uns<\/h6>\t\t<\/div>\n\t\t\t\t<\/div>\n\t\t\t\t<\/div>\n\t\t\t\t<div class=\"elementor-element elementor-element-d8ebeac elementor-widget elementor-widget-heading\" data-id=\"d8ebeac\" data-element_type=\"widget\" data-widget_type=\"heading.default\">\n\t\t\t\t<div class=\"elementor-widget-container\">\n\t\t\t<h2 class=\"elementor-heading-title elementor-size-default\">Ihre Experten f\u00fcr professionelle Reinigungsdienstleistungen\n<\/h2>\t\t<\/div>\n\t\t\t\t<\/div>\n\t\t\t\t<div class=\"elementor-element elementor-element-d57104f elementor-widget elementor-widget-text-editor\" data-id=\"d57104f\" data-element_type=\"widget\" data-widget_type=\"text-editor.default\">\n\t\t\t\t<div class=\"elementor-widget-container\">\n\t\t\t<style>\/*! elementor - v3.21.0 - 22-05-2024 *\/\n.elementor-widget-text-editor.elementor-drop-cap-view-stacked .elementor-drop-cap{background-color:#69727d;color:#fff}.elementor-widget-text-editor.elementor-drop-cap-view-framed .elementor-drop-cap{color:#69727d;border:3px solid;background-color:transparent}.elementor-widget-text-editor:not(.elementor-drop-cap-view-default) .elementor-drop-cap{margin-top:8px}.elementor-widget-text-editor:not(.elementor-drop-cap-view-default) .elementor-drop-cap-letter{width:1em;height:1em}.elementor-widget-text-editor .elementor-drop-cap{float:left;text-align:center;line-height:1;font-size:50px}.elementor-widget-text-editor .elementor-drop-cap-letter{display:inline-block}<\/style>\t\t\t\tReinwerk steht f\u00fcr zuverl\u00e4ssige und hochwertige Reinigungsdienstleistungen, die individuell auf Ihre Bed\u00fcrfnisse abgestimmt sind.\n\n\t\t\t\t\t\t<\/div>\n\t\t\t\t<\/div>\n\t\t\t\t\t<\/div>\n\t\t\t\t<\/div>\n\t\t\t\t\t<\/div>\n\t\t\t\t<\/div>\n\t\t<div class=\"elementor-element elementor-element-d9565f5 e-flex e-con-boxed e-con e-parent\" data-id=\"d9565f5\" data-element_type=\"container\">\n\t\t\t\t\t<div class=\"e-con-inner\">\n\t\t<div class=\"elementor-element elementor-element-83f30ba e-con-full e-flex e-con e-child\" data-id=\"83f30ba\" data-element_type=\"container\">\n\t\t\t\t<div class=\"elementor-element elementor-element-6bcca93 elementor-widget elementor-widget-image\" data-id=\"6bcca93\" data-element_type=\"widget\" data-widget_type=\"image.default\">\n\t\t\t\t<div class=\"elementor-widget-container\">\n\t\t\t<style>\/*! elementor - v3.21.0 - 22-05-2024 *\/\n.elementor-widget-image{text-align:center}.elementor-widget-image a{display:inline-block}.elementor-widget-image a img[src$=\".svg\"]{width:48px}.elementor-widget-image img{vertical-align:middle;display:inline-block}<\/style>\t\t\t\t\t\t\t\t\t\t<img fetchpriority=\"high\" decoding=\"async\" width=\"800\" height=\"450\" src=\"https:\/\/reinwerk-karlsruhe.de\/wp-content\/uploads\/2024\/05\/fenster-02-1024x576.webp\" class=\"attachment-large size-large wp-image-1084\" alt=\"\" srcset=\"https:\/\/reinwerk-karlsruhe.de\/wp-content\/uploads\/2024\/05\/fenster-02-1024x576.webp 1024w, https:\/\/reinwerk-karlsruhe.de\/wp-content\/uploads\/2024\/05\/fenster-02-300x169.webp 300w, https:\/\/reinwerk-karlsruhe.de\/wp-content\/uploads\/2024\/05\/fenster-02-768x432.webp 768w, https:\/\/reinwerk-karlsruhe.de\/wp-content\/uploads\/2024\/05\/fenster-02-1536x864.webp 1536w, https:\/\/reinwerk-karlsruhe.de\/wp-content\/uploads\/2024\/05\/fenster-02.webp 1920w\" sizes=\"(max-width: 800px) 100vw, 800px\" \/>\t\t\t\t\t\t\t\t\t\t\t\t\t<\/div>\n\t\t\t\t<\/div>\n\t\t\t\t<\/div>\n\t\t<div class=\"elementor-element elementor-element-88c08f5 e-con-full e-flex e-con e-child\" data-id=\"88c08f5\" data-element_type=\"container\">\n\t\t<div class=\"elementor-element elementor-element-423137b e-flex e-con-boxed e-con e-child\" data-id=\"423137b\" data-element_type=\"container\" data-settings=\"{&quot;background_background&quot;:&quot;classic&quot;}\">\n\t\t\t\t\t<div class=\"e-con-inner\">\n\t\t\t\t<div class=\"elementor-element elementor-element-9284d4d elementor-widget elementor-widget-heading\" data-id=\"9284d4d\" data-element_type=\"widget\" data-widget_type=\"heading.default\">\n\t\t\t\t<div class=\"elementor-widget-container\">\n\t\t\t<h5 class=\"elementor-heading-title elementor-size-default\">Sauberkeit, auf die Sie sich verlassen k\u00f6nnen<\/h5>\t\t<\/div>\n\t\t\t\t<\/div>\n\t\t\t\t<div class=\"elementor-element elementor-element-c3ddfa2 elementor-widget elementor-widget-text-editor\" data-id=\"c3ddfa2\" data-element_type=\"widget\" data-widget_type=\"text-editor.default\">\n\t\t\t\t<div class=\"elementor-widget-container\">\n\t\t\t\t\t\t\tReinwerk bietet professionelle Reinigungsdienstleistungen mit h\u00f6chster Qualit\u00e4t und Zuverl\u00e4ssigkeit.\t\t\t\t\t\t<\/div>\n\t\t\t\t<\/div>\n\t\t\t\t\t<\/div>\n\t\t\t\t<\/div>\n\t\t\t\t<\/div>\n\t\t<div class=\"elementor-element elementor-element-a1d51df e-con-full e-flex e-con e-child\" data-id=\"a1d51df\" data-element_type=\"container\">\n\t\t\t\t<div class=\"elementor-element elementor-element-456fb5f elementor-widget elementor-widget-image\" data-id=\"456fb5f\" data-element_type=\"widget\" data-widget_type=\"image.default\">\n\t\t\t\t<div class=\"elementor-widget-container\">\n\t\t\t\t\t\t\t\t\t\t\t\t\t<img decoding=\"async\" width=\"800\" height=\"402\" src=\"https:\/\/reinwerk-karlsruhe.de\/wp-content\/uploads\/2024\/06\/about-01-1024x514.webp\" class=\"attachment-large size-large wp-image-1099\" alt=\"\" srcset=\"https:\/\/reinwerk-karlsruhe.de\/wp-content\/uploads\/2024\/06\/about-01-1024x514.webp 1024w, https:\/\/reinwerk-karlsruhe.de\/wp-content\/uploads\/2024\/06\/about-01-300x151.webp 300w, https:\/\/reinwerk-karlsruhe.de\/wp-content\/uploads\/2024\/06\/about-01-768x385.webp 768w, https:\/\/reinwerk-karlsruhe.de\/wp-content\/uploads\/2024\/06\/about-01.webp 1092w\" sizes=\"(max-width: 800px) 100vw, 800px\" \/>\t\t\t\t\t\t\t\t\t\t\t\t\t<\/div>\n\t\t\t\t<\/div>\n\t\t\t\t<\/div>\n\t\t\t\t\t<\/div>\n\t\t\t\t<\/div>\n\t\t<div class=\"elementor-element elementor-element-5b26707 e-grid e-con-boxed e-con e-parent\" data-id=\"5b26707\" data-element_type=\"container\">\n\t\t\t\t\t<div class=\"e-con-inner\">\n\t\t\t\t<div class=\"elementor-element elementor-element-57383a8 elementor-widget elementor-widget-image\" data-id=\"57383a8\" data-element_type=\"widget\" data-widget_type=\"image.default\">\n\t\t\t\t<div class=\"elementor-widget-container\">\n\t\t\t\t\t\t\t\t\t\t\t\t\t<img decoding=\"async\" width=\"800\" height=\"534\" src=\"https:\/\/reinwerk-karlsruhe.de\/wp-content\/uploads\/2024\/05\/About-1-1024x683.webp\" class=\"attachment-large size-large wp-image-516\" alt=\"\" srcset=\"https:\/\/reinwerk-karlsruhe.de\/wp-content\/uploads\/2024\/05\/About-1-1024x683.webp 1024w, https:\/\/reinwerk-karlsruhe.de\/wp-content\/uploads\/2024\/05\/About-1-300x200.webp 300w, https:\/\/reinwerk-karlsruhe.de\/wp-content\/uploads\/2024\/05\/About-1-768x512.webp 768w, https:\/\/reinwerk-karlsruhe.de\/wp-content\/uploads\/2024\/05\/About-1-1536x1024.webp 1536w, https:\/\/reinwerk-karlsruhe.de\/wp-content\/uploads\/2024\/05\/About-1.webp 1920w\" sizes=\"(max-width: 800px) 100vw, 800px\" \/>\t\t\t\t\t\t\t\t\t\t\t\t\t<\/div>\n\t\t\t\t<\/div>\n\t\t<div class=\"elementor-element elementor-element-4d26128 e-grid e-con-boxed e-con e-child\" data-id=\"4d26128\" data-element_type=\"container\">\n\t\t\t\t\t<div class=\"e-con-inner\">\n\t\t<div class=\"elementor-element elementor-element-4574f2b e-flex e-con-boxed e-con e-child\" data-id=\"4574f2b\" data-element_type=\"container\">\n\t\t\t\t\t<div class=\"e-con-inner\">\n\t\t\t\t<div class=\"elementor-element elementor-element-df0ca34 elementor-widget elementor-widget-heading\" data-id=\"df0ca34\" data-element_type=\"widget\" data-widget_type=\"heading.default\">\n\t\t\t\t<div class=\"elementor-widget-container\">\n\t\t\t<h3 class=\"elementor-heading-title elementor-size-default\">Bei Reinwerk glauben wir daran, dass ein sauberes Umfeld die Grundlage f\u00fcr Produktivit\u00e4t und Wohlbefinden ist.\n\n<\/h3>\t\t<\/div>\n\t\t\t\t<\/div>\n\t\t\t\t<div class=\"elementor-element elementor-element-67a6acb elementor-widget elementor-widget-text-editor\" data-id=\"67a6acb\" data-element_type=\"widget\" data-widget_type=\"text-editor.default\">\n\t\t\t\t<div class=\"elementor-widget-container\">\n\t\t\t\t\t\t\t<p>Unser engagiertes Team setzt modernste Reinigungsmethoden und umweltfreundliche Produkte ein, um sicherzustellen, dass Ihre Arbeitsr\u00e4ume nicht nur makellos, sondern auch gesund und sicher sind. Wir sind stolz darauf, Ihnen ma\u00dfgeschneiderte L\u00f6sungen zu bieten, die Ihren individuellen Anforderungen gerecht werden. Vertrauen Sie auf Reinwerk &#8211; Ihr Partner f\u00fcr professionelle Sauberkeit und Hygiene.<\/p>\t\t\t\t\t\t<\/div>\n\t\t\t\t<\/div>\n\t\t\t\t\t<\/div>\n\t\t\t\t<\/div>\n\t\t<div class=\"elementor-element elementor-element-502e32b e-flex e-con-boxed e-con e-child\" data-id=\"502e32b\" data-element_type=\"container\" data-settings=\"{&quot;background_background&quot;:&quot;classic&quot;}\">\n\t\t\t\t\t<div class=\"e-con-inner\">\n\t\t\t\t<div class=\"elementor-element elementor-element-ac7a9f1 elementor-widget elementor-widget-heading\" data-id=\"ac7a9f1\" data-element_type=\"widget\" data-widget_type=\"heading.default\">\n\t\t\t\t<div class=\"elementor-widget-container\">\n\t\t\t<h5 class=\"elementor-heading-title elementor-size-default\">Bei Reinwerk steht der Kunde im Mittelpunkt.<\/h5>\t\t<\/div>\n\t\t\t\t<\/div>\n\t\t\t\t<div class=\"elementor-element elementor-element-f557331 elementor-widget elementor-widget-text-editor\" data-id=\"f557331\" data-element_type=\"widget\" data-widget_type=\"text-editor.default\">\n\t\t\t\t<div class=\"elementor-widget-container\">\n\t\t\t\t\t\t\t<p>Unser Ziel ist es, Ihnen eine saubere und gesunde Umgebung zu bieten, in der Sie und Ihr Team sich wohlf\u00fchlen und produktiv arbeiten k\u00f6nnen. Wir setzen auf modernste Reinigungsverfahren und umweltfreundliche Produkte, um h\u00f6chste Hygienestandards zu gew\u00e4hrleisten. Unsere erfahrenen und engagierten Mitarbeiterinnen und Mitarbeiter arbeiten pr\u00e4zise und zuverl\u00e4ssig, um Ihre individuellen Bed\u00fcrfnisse zu erf\u00fcllen. Vertrauen Sie auf unsere Expertise und lassen Sie uns gemeinsam f\u00fcr ein sauberes und sicheres Arbeitsumfeld sorgen<\/p>\t\t\t\t\t\t<\/div>\n\t\t\t\t<\/div>\n\t\t\t\t\t<\/div>\n\t\t\t\t<\/div>\n\t\t\t\t\t<\/div>\n\t\t\t\t<\/div>\n\t\t\t\t\t<\/div>\n\t\t\t\t<\/div>\n\t\t<div class=\"elementor-element elementor-element-232da2d e-flex e-con-boxed e-con e-parent\" data-id=\"232da2d\" data-element_type=\"container\">\n\t\t\t\t\t<div class=\"e-con-inner\">\n\t\t\t\t<div class=\"elementor-element elementor-element-7337b4d elementor-widget elementor-widget-menu-anchor\" data-id=\"7337b4d\" data-element_type=\"widget\" data-widget_type=\"menu-anchor.default\">\n\t\t\t\t<div class=\"elementor-widget-container\">\n\t\t\t<style>\/*! elementor - v3.21.0 - 22-05-2024 *\/\nbody.elementor-page .elementor-widget-menu-anchor{margin-bottom:0}<\/style>\t\t<div class=\"elementor-menu-anchor\" id=\"stellen\"><\/div>\n\t\t\t\t<\/div>\n\t\t\t\t<\/div>\n\t\t<div class=\"elementor-element elementor-element-f607295 e-flex e-con-boxed e-con e-child\" data-id=\"f607295\" data-element_type=\"container\">\n\t\t\t\t\t<div class=\"e-con-inner\">\n\t\t<div class=\"elementor-element elementor-element-703406b max-width e-flex e-con-boxed e-con e-child\" data-id=\"703406b\" data-element_type=\"container\">\n\t\t\t\t\t<div class=\"e-con-inner\">\n\t\t<div class=\"elementor-element elementor-element-a0f743b e-con-full tag e-flex e-con e-child\" data-id=\"a0f743b\" data-element_type=\"container\" data-settings=\"{&quot;background_background&quot;:&quot;classic&quot;}\">\n\t\t\t\t<div class=\"elementor-element elementor-element-aa065cf elementor-widget elementor-widget-heading\" data-id=\"aa065cf\" data-element_type=\"widget\" data-widget_type=\"heading.default\">\n\t\t\t\t<div class=\"elementor-widget-container\">\n\t\t\t<h6 class=\"elementor-heading-title elementor-size-default\">Aktuelle Stellen<\/h6>\t\t<\/div>\n\t\t\t\t<\/div>\n\t\t\t\t<\/div>\n\t\t\t\t<div class=\"elementor-element elementor-element-30251a7 elementor-widget elementor-widget-heading\" data-id=\"30251a7\" data-element_type=\"widget\" data-widget_type=\"heading.default\">\n\t\t\t\t<div class=\"elementor-widget-container\">\n\t\t\t<h2 class=\"elementor-heading-title elementor-size-default\">Werde Teil des Teams<\/h2>\t\t<\/div>\n\t\t\t\t<\/div>\n\t\t\t\t<div class=\"elementor-element elementor-element-aa683e6 elementor-widget elementor-widget-text-editor\" data-id=\"aa683e6\" data-element_type=\"widget\" data-widget_type=\"text-editor.default\">\n\t\t\t\t<div class=\"elementor-widget-container\">\n\t\t\t\t\t\t\tSchlie\u00dfen Sie sich dem Reinwerk-Team an \u2013 wir freuen uns auf Ihre Bewerbung!\t\t\t\t\t\t<\/div>\n\t\t\t\t<\/div>\n\t\t\t\t\t<\/div>\n\t\t\t\t<\/div>\n\t\t\t\t\t<\/div>\n\t\t\t\t<\/div>\n\t\t\t\t<div class=\"elementor-element elementor-element-8ee0712 elementor-grid-2 elementor-grid-tablet-2 elementor-grid-mobile-1 elementor-widget elementor-widget-loop-grid\" data-id=\"8ee0712\" data-element_type=\"widget\" data-settings=\"{&quot;template_id&quot;:400,&quot;columns&quot;:2,&quot;_skin&quot;:&quot;post&quot;,&quot;columns_tablet&quot;:&quot;2&quot;,&quot;columns_mobile&quot;:&quot;1&quot;,&quot;edit_handle_selector&quot;:&quot;[data-elementor-type=\\&quot;loop-item\\&quot;]&quot;,&quot;row_gap&quot;:{&quot;unit&quot;:&quot;px&quot;,&quot;size&quot;:&quot;&quot;,&quot;sizes&quot;:[]},&quot;row_gap_tablet&quot;:{&quot;unit&quot;:&quot;px&quot;,&quot;size&quot;:&quot;&quot;,&quot;sizes&quot;:[]},&quot;row_gap_mobile&quot;:{&quot;unit&quot;:&quot;px&quot;,&quot;size&quot;:&quot;&quot;,&quot;sizes&quot;:[]}}\" data-widget_type=\"loop-grid.post\">\n\t\t\t\t<div class=\"elementor-widget-container\">\n\t\t\t<link rel=\"stylesheet\" href=\"https:\/\/reinwerk-karlsruhe.de\/wp-content\/plugins\/elementor-pro\/assets\/css\/widget-loop-builder.min.css\">\t\t<div class=\"elementor-loop-container elementor-grid\">\n\t\t<style id=\"loop-400\">.elementor-400 .elementor-element.elementor-element-b410d6f{--display:flex;--flex-direction:column;--container-widget-width:100%;--container-widget-height:initial;--container-widget-flex-grow:0;--container-widget-align-self:initial;--background-transition:0.3s;--padding-top:0px;--padding-bottom:0px;--padding-left:0px;--padding-right:0px;}.elementor-400 .elementor-element.elementor-element-a3632f8{--display:flex;--background-transition:0.3s;--border-radius:20px 20px 20px 20px;--padding-top:20px;--padding-bottom:20px;--padding-left:20px;--padding-right:20px;}.elementor-400 .elementor-element.elementor-element-a3632f8:not(.elementor-motion-effects-element-type-background), .elementor-400 .elementor-element.elementor-element-a3632f8 > .elementor-motion-effects-container > .elementor-motion-effects-layer{background-color:var( --e-global-color-3755ce7 );}.elementor-400 .elementor-element.elementor-element-a3632f8, .elementor-400 .elementor-element.elementor-element-a3632f8::before{--border-transition:0.3s;}.elementor-400 .elementor-element.elementor-element-a9b7bfa{--display:flex;--flex-direction:row;--container-widget-width:initial;--container-widget-height:100%;--container-widget-flex-grow:1;--container-widget-align-self:stretch;--justify-content:space-between;--background-transition:0.3s;--padding-top:0px;--padding-bottom:0px;--padding-left:0px;--padding-right:0px;}.elementor-400 .elementor-element.elementor-element-f7d7a2a .elementor-heading-title{color:var( --e-global-color-text );}.elementor-400 .elementor-element.elementor-element-7972699 .elementor-heading-title{color:var( --e-global-color-text );font-family:\"Roboto\", Sans-serif;font-size:10px;font-weight:600;}.elementor-400 .elementor-element.elementor-element-a6cb784 .elementor-icon-list-items:not(.elementor-inline-items) .elementor-icon-list-item:not(:last-child){padding-bottom:calc(0px\/2);}.elementor-400 .elementor-element.elementor-element-a6cb784 .elementor-icon-list-items:not(.elementor-inline-items) .elementor-icon-list-item:not(:first-child){margin-top:calc(0px\/2);}.elementor-400 .elementor-element.elementor-element-a6cb784 .elementor-icon-list-items.elementor-inline-items .elementor-icon-list-item{margin-right:calc(0px\/2);margin-left:calc(0px\/2);}.elementor-400 .elementor-element.elementor-element-a6cb784 .elementor-icon-list-items.elementor-inline-items{margin-right:calc(-0px\/2);margin-left:calc(-0px\/2);}body.rtl .elementor-400 .elementor-element.elementor-element-a6cb784 .elementor-icon-list-items.elementor-inline-items .elementor-icon-list-item:after{left:calc(-0px\/2);}body:not(.rtl) .elementor-400 .elementor-element.elementor-element-a6cb784 .elementor-icon-list-items.elementor-inline-items .elementor-icon-list-item:after{right:calc(-0px\/2);}.elementor-400 .elementor-element.elementor-element-a6cb784 .elementor-icon-list-icon i{color:var( --e-global-color-text );transition:color 0.3s;}.elementor-400 .elementor-element.elementor-element-a6cb784 .elementor-icon-list-icon svg{fill:var( --e-global-color-text );transition:fill 0.3s;}.elementor-400 .elementor-element.elementor-element-a6cb784{--e-icon-list-icon-size:14px;--icon-vertical-offset:0px;}.elementor-400 .elementor-element.elementor-element-a6cb784 .elementor-icon-list-icon{padding-right:10px;}.elementor-400 .elementor-element.elementor-element-a6cb784 .elementor-icon-list-text{transition:color 0.3s;}<\/style>\t\t<div data-elementor-type=\"loop-item\" data-elementor-id=\"400\" class=\"elementor elementor-400 e-loop-item e-loop-item-520 post-520 post type-post status-publish format-standard hentry category-stellen\" data-elementor-post-type=\"elementor_library\" data-custom-edit-handle=\"1\">\n\t\t\t<div class=\"elementor-element elementor-element-b410d6f e-flex e-con-boxed e-con e-parent\" data-id=\"b410d6f\" data-element_type=\"container\">\n\t\t\t\t\t<div class=\"e-con-inner\">\n\t\t<div class=\"elementor-element elementor-element-a3632f8 e-flex e-con-boxed e-con e-child\" data-id=\"a3632f8\" data-element_type=\"container\" data-settings=\"{&quot;background_background&quot;:&quot;classic&quot;}\">\n\t\t\t\t\t<div class=\"e-con-inner\">\n\t\t<div class=\"elementor-element elementor-element-a9b7bfa e-flex e-con-boxed e-con e-child\" data-id=\"a9b7bfa\" data-element_type=\"container\">\n\t\t\t\t\t<div class=\"e-con-inner\">\n\t\t\t\t<div class=\"elementor-element elementor-element-f7d7a2a elementor-widget elementor-widget-heading\" data-id=\"f7d7a2a\" data-element_type=\"widget\" data-widget_type=\"heading.default\">\n\t\t\t\t<div class=\"elementor-widget-container\">\n\t\t\t<h5 class=\"elementor-heading-title elementor-size-default\">Initiativbewerbung<\/h5>\t\t<\/div>\n\t\t\t\t<\/div>\n\t\t\t\t<div class=\"elementor-element elementor-element-7972699 elementor-widget elementor-widget-heading\" data-id=\"7972699\" data-element_type=\"widget\" data-widget_type=\"heading.default\">\n\t\t\t\t<div class=\"elementor-widget-container\">\n\t\t\t<p class=\"elementor-heading-title elementor-size-default\">Mai 27, 2024<\/p>\t\t<\/div>\n\t\t\t\t<\/div>\n\t\t\t\t\t<\/div>\n\t\t\t\t<\/div>\n\t\t\t\t<div class=\"elementor-element elementor-element-fe7dd41 elementor-widget elementor-widget-text-editor\" data-id=\"fe7dd41\" data-element_type=\"widget\" data-widget_type=\"text-editor.default\">\n\t\t\t\t<div class=\"elementor-widget-container\">\n\t\t\t\t\t\t\tWir freuen uns auf Ihre Initiativbewerbung und darauf, Sie kennenzulernen!\t\t\t\t\t\t<\/div>\n\t\t\t\t<\/div>\n\t\t\t\t<div class=\"elementor-element elementor-element-a6cb784 elementor-icon-list--layout-traditional elementor-list-item-link-full_width elementor-widget elementor-widget-icon-list\" data-id=\"a6cb784\" data-element_type=\"widget\" data-widget_type=\"icon-list.default\">\n\t\t\t\t<div class=\"elementor-widget-container\">\n\t\t\t<link rel=\"stylesheet\" href=\"https:\/\/reinwerk-karlsruhe.de\/wp-content\/plugins\/elementor\/assets\/css\/widget-icon-list.min.css\">\t\t<ul class=\"elementor-icon-list-items\">\n\t\t\t\t\t\t\t<li class=\"elementor-icon-list-item\">\n\t\t\t\t\t\t\t\t\t\t\t<span class=\"elementor-icon-list-icon\">\n\t\t\t\t\t\t\t<svg aria-hidden=\"true\" class=\"e-font-icon-svg e-far-envelope\" viewBox=\"0 0 512 512\" xmlns=\"http:\/\/www.w3.org\/2000\/svg\"><path d=\"M464 64H48C21.49 64 0 85.49 0 112v288c0 26.51 21.49 48 48 48h416c26.51 0 48-21.49 48-48V112c0-26.51-21.49-48-48-48zm0 48v40.805c-22.422 18.259-58.168 46.651-134.587 106.49-16.841 13.247-50.201 45.072-73.413 44.701-23.208.375-56.579-31.459-73.413-44.701C106.18 199.465 70.425 171.067 48 152.805V112h416zM48 400V214.398c22.914 18.251 55.409 43.862 104.938 82.646 21.857 17.205 60.134 55.186 103.062 54.955 42.717.231 80.509-37.199 103.053-54.947 49.528-38.783 82.032-64.401 104.947-82.653V400H48z\"><\/path><\/svg>\t\t\t\t\t\t<\/span>\n\t\t\t\t\t\t\t\t\t\t<span class=\"elementor-icon-list-text\">bewerbung@reinwerk-kalsruhe.de<\/span>\n\t\t\t\t\t\t\t\t\t<\/li>\n\t\t\t\t\t\t<\/ul>\n\t\t\t\t<\/div>\n\t\t\t\t<\/div>\n\t\t\t\t\t<\/div>\n\t\t\t\t<\/div>\n\t\t\t\t\t<\/div>\n\t\t\t\t<\/div>\n\t\t\t\t<\/div>\n\t\t\t\t<\/div>\n\t\t\n\t\t\t\t<\/div>\n\t\t\t\t<\/div>\n\t\t\t\t\t<\/div>\n\t\t\t\t<\/div>\n\t\t<div class=\"elementor-element elementor-element-66721af e-flex e-con-boxed e-con e-parent\" data-id=\"66721af\" data-element_type=\"container\">\n\t\t\t\t\t<div class=\"e-con-inner\">\n\t\t\t\t\t<\/div>\n\t\t\t\t<\/div>\n\t\t\t\t<\/div>\n\t\t","protected":false},"excerpt":{"rendered":"<p>\u00dcber Uns Ihre Experten f\u00fcr professionelle Reinigungsdienstleistungen Reinwerk steht f\u00fcr zuverl\u00e4ssige und hochwertige Reinigungsdienstleistungen, die individuell auf Ihre Bed\u00fcrfnisse abgestimmt sind. Sauberkeit, auf die Sie sich verlassen k\u00f6nnen Reinwerk bietet professionelle Reinigungsdienstleistungen mit h\u00f6chster Qualit\u00e4t und Zuverl\u00e4ssigkeit. Bei Reinwerk glauben wir daran, dass ein sauberes Umfeld die Grundlage f\u00fcr Produktivit\u00e4t und Wohlbefinden ist. Unser engagiertes [&hellip;]<\/p>\n","protected":false},"author":1,"featured_media":0,"parent":0,"menu_order":0,"comment_status":"closed","ping_status":"closed","template":"elementor_header_footer","meta":{"footnotes":""},"class_list":["post-30","page","type-page","status-publish","hentry"],"_links":{"self":[{"href":"https:\/\/reinwerk-karlsruhe.de\/index.php\/wp-json\/wp\/v2\/pages\/30","targetHints":{"allow":["GET"]}}],"collection":[{"href":"https:\/\/reinwerk-karlsruhe.de\/index.php\/wp-json\/wp\/v2\/pages"}],"about":[{"href":"https:\/\/reinwerk-karlsruhe.de\/index.php\/wp-json\/wp\/v2\/types\/page"}],"author":[{"embeddable":true,"href":"https:\/\/reinwerk-karlsruhe.de\/index.php\/wp-json\/wp\/v2\/users\/1"}],"replies":[{"embeddable":true,"href":"https:\/\/reinwerk-karlsruhe.de\/index.php\/wp-json\/wp\/v2\/comments?post=30"}],"version-history":[{"count":58,"href":"https:\/\/reinwerk-karlsruhe.de\/index.php\/wp-json\/wp\/v2\/pages\/30\/revisions"}],"predecessor-version":[{"id":1102,"href":"https:\/\/reinwerk-karlsruhe.de\/index.php\/wp-json\/wp\/v2\/pages\/30\/revisions\/1102"}],"wp:attachment":[{"href":"https:\/\/reinwerk-karlsruhe.de\/index.php\/wp-json\/wp\/v2\/media?parent=30"}],"curies":[{"name":"wp","href":"https:\/\/api.w.org\/{rel}","templated":true}]}}